{"id":4,"date":"2014-08-03T09:13:26","date_gmt":"2014-08-03T07:13:26","guid":{"rendered":"http:\/\/lotter.org\/rudelstellungen\/?page_id=4"},"modified":"2020-09-14T15:33:27","modified_gmt":"2020-09-14T14:33:27","slug":"startseite","status":"publish","type":"page","link":"https:\/\/rudelstellungen-klargestellt.de\/","title":{"rendered":"Der Verst\u00e4ndigungsschl\u00fcssel zur Rudelstellung"},"content":{"rendered":"<p style=\"text-align: justify;\">Seit einigen Jahren offeriert ein &#8222;<strong>Verein f\u00fcr vererbte Rudelstellungen e.V.<\/strong>&#8220; Dienste zur Hunde-Einsch\u00e4tzung und -Haltung nach der &#8222;Karl-Werner-Rudelstellungslehre&#8220;. Auch das <strong>ZDF <\/strong>r\u00fchrte zur F\u00f6rderung seiner &#8222;Hundefl\u00fcsterin&#8220;-Serie 2014 kr\u00e4ftig die Werbetrommel f\u00fcr die Rudelstellungslehre. Zeitweilig erhielt der Verein durch die ZDF-Werbung gro\u00dfen Zulauf. Er bot eine verbl\u00fcffend einfache Erkl\u00e4rung f\u00fcr alle Hundeprobleme und gewann so Tausende von Kunden und Anh\u00e4ngern, die ihre Hunde fortan &#8222;in Rudelstellung&#8220; hielten. Andere fragten sich: Ist da etwas dran? K\u00f6nnen Hunde wirklich <strong>angeborene Rudelstellungen<\/strong> haben? Und wurden diese, wie das ZDF eine Zeitlang auf seiner Website behauptete, von einer <strong>&#8222;Adels-Rudelz\u00fcchter-Familie Werner&#8220;<\/strong> entdeckt?<\/p>\n<p style=\"text-align: justify;\">Die hat es, wie sich herausstellte, nie gegeben. Laut <a href=\"https:\/\/de.wikipedia.org\/wiki\/Vererbte_Rudelstellung\" target=\"_blank\" rel=\"noopener noreferrer\">Wikipedia<\/a> ist die Rudelstellungslehre eine 2010 erfundene &#8222;Pseudowissenschaft mit kommerziellem Hintergrund&#8220; &#8211; also Scharlatanerie. Allerdings keine harmlose, denn Videos einiger Anh\u00e4ngerinnen, die im Netz kursieren, zeigen Misshandlungen und massive Verhaltensst\u00f6rungen ihrer Hunde. Etliche bissen sich in ihren Zwingern gegenseitig tot. Andere, die sich nicht ihrer Rudelstellung gem\u00e4\u00df verhielten, wurden mit Begr\u00fcndungen wie &#8222;aggressiv&#8220;, &#8222;Hirnschaden&#8220; oder &#8222;Gendefekt&#8220; eingeschl\u00e4fert. Der Verein steht seitdem auf der Beobachtungsliste von Beh\u00f6rden und Tierschutzorganisationen.<\/p>\n<p style=\"text-align: justify;\">Dabei klingt die Grundidee zumindest originell: Bei Hunden gibt es sieben Kasten, vom Verein als <strong>&#8222;Rudelstellungen&#8220;<\/strong> bezeichnet. Jeder Hund wird in seiner Kaste geboren und bleibt lebenslang darin. Nur sie, nicht Rasse oder Umwelt, ist ma\u00dfgeblich f\u00fcr sein ganzes Wesen. Wie in menschlichen Kastengesellschaften gibt es Parias, die <strong>&#8222;Bindehunde&#8220;<\/strong>, mit denen man m\u00f6glichst nicht interagieren soll. F\u00fcr Menschenkontakt seien nur die <strong>&#8222;Leithunde&#8220;<\/strong> zust\u00e4ndig. Gl\u00fccklicherweise stellen sich Einzelhunde zahlungskr\u00e4ftiger Kunden fast immer als &#8222;Leithund&#8220; heraus.<\/p>\n<p style=\"text-align: justify;\"><img loading=\"lazy\" decoding=\"async\" class=\"alignnone wp-image-421 size-full\" style=\"font-size: 1rem;\" src=\"http:\/\/rudelstellungen-klargestellt.de\/wp-content\/uploads\/2014\/08\/cropped-cropped-dogs_play_01A.jpg\" alt=\"cropped-cropped-dogs_play_01A.jpg\" width=\"960\" height=\"250\" srcset=\"https:\/\/rudelstellungen-klargestellt.de\/wp-content\/uploads\/2014\/08\/cropped-cropped-dogs_play_01A.jpg 960w, https:\/\/rudelstellungen-klargestellt.de\/wp-content\/uploads\/2014\/08\/cropped-cropped-dogs_play_01A-300x78.jpg 300w, https:\/\/rudelstellungen-klargestellt.de\/wp-content\/uploads\/2014\/08\/cropped-cropped-dogs_play_01A-624x162.jpg 624w\" sizes=\"(max-width: 960px) 100vw, 960px\" \/><\/p>\n<p style=\"text-align: justify;\">Jeder Interessent muss zun\u00e4chst die Kaste\u00a0seines Hundes auf einem nicht ganz billigen &#8222;Workshop&#8220; feststellen lassen. Denn f\u00fcr normale Menschen seien die angeborenen Rudelstellungen nicht sichtbar. Allein die Erfinderin der Lehre, <a href=\"http:\/\/rudelstellungen-klargestellt.de\/?p=1436\" target=\"_blank\" rel=\"noopener noreferrer\"><strong>Barbara Ertel<\/strong><\/a>, besitzt die F\u00e4higkeit, die Rudelstellung eines Hundes zu erkennen. Dadurch erzielte sie \u00fcber eine <a href=\"http:\/\/rudelstellungen-klargestellt.de\/?p=563\" target=\"_blank\" rel=\"noopener noreferrer\"><strong>Scheinfirma<\/strong><\/a> des Vereins hohe Einnahmen mit &#8222;Workshops&#8220; und allerlei \u00e4hnlichen Angeboten.<\/p>\n<p style=\"text-align: justify;\">Die Lehre der vererbten Rudelstellung (kurz <strong>RS<\/strong>) mit ihrer F\u00fchrerin und ihrer eifernden Gefolgschaft steht nicht allein. <a href=\"http:\/\/rudelstellungen-klargestellt.de\/?p=699\" target=\"_blank\" rel=\"noopener noreferrer\"><strong>Sektenartige Gruppen<\/strong><\/a> mit kommerziellem Hintergrund haben sich in manchen Bereichen etabliert, von Esoterik und Religion \u00fcber Gesundheit und Lebenshilfe bis hin zur Vorhersage von B\u00f6rsenkursen. Der gemeinsame <strong><a href=\"http:\/\/rudelstellungen-klargestellt.de\/?p=5090\" target=\"_blank\" rel=\"noopener noreferrer\">Glaube<\/a><\/strong> an eine Lehre oder ein Wundermittel gibt Anh\u00e4ngern R\u00fcckhalt und Best\u00e4tigung, manchen ihren Lebensinhalt. Entsprechend fanatisch werden solche Lehren verteidigt.<\/p>\n<p style=\"text-align: justify;\">Wir m\u00f6chten auf diesem Blog die Rudelstellungslehre, ihr Gesch\u00e4ftsmodell und ihren Wahrheitsgehalt unter die Lupe nehmen. Also haben wir unter anderem<\/p>\n<ul style=\"list-style-type: square;\">\n<li style=\"text-align: justify;\">den\u00a0<b><a href=\"http:\/\/rudelstellungen-klargestellt.de\/?p=41\">Ursprung<\/a><\/b>\u00a0der RS-Lehre aufgesp\u00fcrt,<\/li>\n<li style=\"text-align: justify;\">die <strong><a href=\"http:\/\/rudelstellungen-klargestellt.de\/?p=3806\" target=\"_blank\" rel=\"noopener noreferrer\">Folgen f\u00fcr die Hunde<\/a><\/strong> untersucht,<\/li>\n<li style=\"text-align: justify;\">der angeblichen &#8222;<strong><a title=\"Rudelstellungen und Forschung\" href=\"http:\/\/rudelstellungen-klargestellt.de\/?p=230\" target=\"_blank\" rel=\"noopener noreferrer\">RS-Forschung<\/a><\/strong>&#8220;\u00a0nachgeforscht,<\/li>\n<li style=\"text-align: justify;\">und den\u00a0<a href=\"http:\/\/rudelstellungen-klargestellt.de\/?p=563\" target=\"_blank\" rel=\"noopener noreferrer\"><strong>Weg des Geldes<\/strong><\/a>\u00a0nachverfolgt.<\/li>\n<\/ul>\n<p style=\"text-align: justify;\">F\u00fchrende Experten &#8211; Kanidenforscher, Zoologen, Verhaltensbiologen und Genetiker, Tiersch\u00fctzer, Z\u00fcchter, Hundetrainer und Meutef\u00fchrer &#8211; wurden in <strong><a href=\"http:\/\/rudelstellungen-klargestellt.de\/?cat=13\" target=\"_blank\" rel=\"noopener noreferrer\">Interviews<\/a><\/strong> zu vermeintlichen und tats\u00e4chlichen Rudelstellungen befragt. Die in Hunde- und Wolfsverb\u00e4nden real beobachteten Strukturen sind in <strong><a href=\"http:\/\/rudelstellungen-klargestellt.de\/?cat=1\" target=\"_blank\" rel=\"noopener noreferrer\">Fachartikeln<\/a><\/strong> erl\u00e4utert. In <strong><a href=\"http:\/\/rudelstellungen-klargestellt.de\/?cat=21\" target=\"_blank\" rel=\"noopener noreferrer\">Erfahrungsberichten<\/a><\/strong> schildern Hundehalter, die sich &#8211; zumindest vor\u00fcbergehend\u00a0&#8211; auf die Rudelstellungslehre eingelassen haben, ihre teils bizarren Erlebnisse. Einen \u00dcberblick finden Sie unter <strong><a title=\"H\u00e4ufig gestellte Fragen\" href=\"http:\/\/rudelstellungen-klargestellt.de\/?p=2367\">Fragen und Antworten<\/a><\/strong>.<\/p>\n<hr \/>\n<p style=\"text-align: justify;\"><strong>Nachtrag (November 2017).<\/strong> Mittlerweile ist RS Vergangenheit. Die Geldquelle ist versiegt, der Verein <a href=\"http:\/\/rudelstellungen-klargestellt.de\/?p=563#pleite\">pleite<\/a>, seine Hunde <a href=\"http:\/\/rudelstellungen-klargestellt.de\/?p=195#volpino\">weggenommen<\/a>, seine Scheinfirma liquidiert, die Anh\u00e4ngerschaft weitgehend verschwunden, und sogar das ZDF hat alle Spuren seiner peinlichen RS-Werbung im Webauftritt gel\u00f6scht. Nur noch etwa 20 Anh\u00e4ngerinnen rudeln unbeirrt weiter. Dennoch wollen wir diese Website online lassen. Sie bietet nicht nur Einblicke in Entstehung, Verbreitung und Kommerzialisierung eines esoterischen Narrativs, sondern auch lesenswerte Fachartikel zum Gruppenverhalten von Hunden und W\u00f6lfen. Sie illustriert auch, wie leicht manche Menschen dazu gebracht werden, einer selbsternannten F\u00fchrerin zu folgen und nicht existente Dinge zu &#8217;sehen&#8216;.<\/p>\n<p style=\"text-align: justify;\">Die ge\u00e4u\u00dferten Ansichten auf diesem Blog sind stets die des jeweiligen Autors oder Interviewpartners, also nicht &#8222;unparteiisch&#8220;. Wir bem\u00fchen uns aber um Fairness und achten darauf, dass alle hier in Artikeln ver\u00f6ffentlichten Informationen nachvollziehbar und belegbar sind. Alle Quellen, soweit nicht sowieso aus dem Zusammenhang ersichtlich, sind am Ende des Artikels aufgef\u00fchrt. Alle Kommentare geben nur die Meinungen ihrer Verfasser wieder.<\/p>\n<p style=\"text-align: justify;\">F\u00fcr Fragen, Anregungen, oder zur \u00dcbernahme von Artikeln k\u00f6nnen Sie uns unter <a title=\"Erfahrungsbericht\" href=\"mailto:info@rudelstellungen-klargestellt.de\">info@rudelstellungen-klargestellt.de<\/a> kontaktieren.<\/p>\n<p style=\"text-align: center;\"><a title=\"Das Team \u2013 wer sind wir?\" href=\"http:\/\/rudelstellungen-klargestellt.de\/?p=552\">TEAM<\/a><\/p>\n","protected":false},"excerpt":{"rendered":"<p>Seit einigen Jahren offeriert ein &#8222;Verein f\u00fcr vererbte Rudelstellungen e.V.&#8220; Dienste zur Hunde-Einsch\u00e4tzung und -Haltung nach der &#8222;Karl-Werner-Rudelstellungslehre&#8220;. Auch das ZDF r\u00fchrte zur F\u00f6rderung seiner &#8222;Hundefl\u00fcsterin&#8220;-Serie 2014 kr\u00e4ftig die Werbetrommel f\u00fcr die Rudelstellungslehre. Zeitweilig erhielt der Verein durch die ZDF-Werbung gro\u00dfen Zulauf. Er bot eine verbl\u00fcffend einfache Erkl\u00e4rung f\u00fcr alle Hundeprobleme und gewann so Tausende [&hellip;]<\/p>\n","protected":false},"author":1,"featured_media":0,"parent":0,"menu_order":0,"comment_status":"closed","ping_status":"closed","template":"","meta":{"_bbp_topic_count":0,"_bbp_reply_count":0,"_bbp_total_topic_count":0,"_bbp_total_reply_count":0,"_bbp_voice_count":0,"_bbp_anonymous_reply_count":0,"_bbp_topic_count_hidden":0,"_bbp_reply_count_hidden":0,"_bbp_forum_subforum_count":0,"footnotes":""},"class_list":["post-4","page","type-page","status-publish","hentry"],"_links":{"self":[{"href":"https:\/\/rudelstellungen-klargestellt.de\/index.php?rest_route=\/wp\/v2\/pages\/4"}],"collection":[{"href":"https:\/\/rudelstellungen-klargestellt.de\/index.php?rest_route=\/wp\/v2\/pages"}],"about":[{"href":"https:\/\/rudelstellungen-klargestellt.de\/index.php?rest_route=\/wp\/v2\/types\/page"}],"author":[{"embeddable":true,"href":"https:\/\/rudelstellungen-klargestellt.de\/index.php?rest_route=\/wp\/v2\/users\/1"}],"replies":[{"embeddable":true,"href":"https:\/\/rudelstellungen-klargestellt.de\/index.php?rest_route=%2Fwp%2Fv2%2Fcomments&post=4"}],"version-history":[{"count":773,"href":"https:\/\/rudelstellungen-klargestellt.de\/index.php?rest_route=\/wp\/v2\/pages\/4\/revisions"}],"predecessor-version":[{"id":72478,"href":"https:\/\/rudelstellungen-klargestellt.de\/index.php?rest_route=\/wp\/v2\/pages\/4\/revisions\/72478"}],"wp:attachment":[{"href":"https:\/\/rudelstellungen-klargestellt.de\/index.php?rest_route=%2Fwp%2Fv2%2Fmedia&parent=4"}],"curies":[{"name":"wp","href":"https:\/\/api.w.org\/{rel}","templated":true}]}}