{"id":1750,"date":"2014-09-06T13:49:00","date_gmt":"2014-09-06T11:49:00","guid":{"rendered":"http:\/\/rudelstellungen-klargestellt.de\/?page_id=1750"},"modified":"2014-09-06T13:51:53","modified_gmt":"2014-09-06T11:51:53","slug":"banner","status":"publish","type":"page","link":"https:\/\/rudelstellungen-klargestellt.de\/?page_id=1750","title":{"rendered":"Banner"},"content":{"rendered":"<p style=\"text-align: justify;\">Wenn Sie eine Website, ein Forum oder Blog zum Thema Hunde betreiben, informieren Sie Ihre Besucher \u00fcber Rudelstellungen! Sie k\u00f6nnen f\u00fcr einen Backlink dieses Banner benutzen:<\/p>\n<p><img loading=\"lazy\" decoding=\"async\" class=\"alignnone\" src=\"http:\/\/rudelstellungen-klargestellt.de\/white2.png\" alt=\"\" width=\"293\" height=\"75\" \/><\/p>\n<p>Als HTML-Code zum Einf\u00fcgen:<\/p>\n<pre>&lt;a href=\"http:\/\/rudelstellungen-klargestellt.de\" target=\"_blank\"&gt;\r\n&lt;img src=\"http:\/\/rudelstellungen-klargestellt.de\/white2.png\"\r\nwidth=\"293\" height=\"75\"&gt;&lt;\/a&gt;&lt;br&gt;\r\n&lt;a href=\"http:\/\/rudelstellungen-klargestellt.de\" target=\"_blank\"&gt;\r\nRudelstellungen-klargestellt.de&lt;\/a&gt;<\/pre>\n","protected":false},"excerpt":{"rendered":"<p>Wenn Sie eine Website, ein Forum oder Blog zum Thema Hunde betreiben, informieren Sie Ihre Besucher \u00fcber Rudelstellungen! Sie k\u00f6nnen f\u00fcr einen Backlink dieses Banner benutzen: Als HTML-Code zum Einf\u00fcgen: &lt;a href=&#8220;http:\/\/rudelstellungen-klargestellt.de&#8220; target=&#8220;_blank&#8220;&gt; &lt;img src=&#8220;http:\/\/rudelstellungen-klargestellt.de\/white2.png&#8220; width=&#8220;293&#8243; height=&#8220;75&#8243;&gt;&lt;\/a&gt;&lt;br&gt; &lt;a href=&#8220;http:\/\/rudelstellungen-klargestellt.de&#8220; target=&#8220;_blank&#8220;&gt; Rudelstellungen-klargestellt.de&lt;\/a&gt;<\/p>\n","protected":false},"author":1,"featured_media":0,"parent":0,"menu_order":0,"comment_status":"closed","ping_status":"closed","template":"","meta":{"_bbp_topic_count":0,"_bbp_reply_count":0,"_bbp_total_topic_count":0,"_bbp_total_reply_count":0,"_bbp_voice_count":0,"_bbp_anonymous_reply_count":0,"_bbp_topic_count_hidden":0,"_bbp_reply_count_hidden":0,"_bbp_forum_subforum_count":0,"footnotes":""},"class_list":["post-1750","page","type-page","status-publish","hentry"],"_links":{"self":[{"href":"https:\/\/rudelstellungen-klargestellt.de\/index.php?rest_route=\/wp\/v2\/pages\/1750"}],"collection":[{"href":"https:\/\/rudelstellungen-klargestellt.de\/index.php?rest_route=\/wp\/v2\/pages"}],"about":[{"href":"https:\/\/rudelstellungen-klargestellt.de\/index.php?rest_route=\/wp\/v2\/types\/page"}],"author":[{"embeddable":true,"href":"https:\/\/rudelstellungen-klargestellt.de\/index.php?rest_route=\/wp\/v2\/users\/1"}],"replies":[{"embeddable":true,"href":"https:\/\/rudelstellungen-klargestellt.de\/index.php?rest_route=%2Fwp%2Fv2%2Fcomments&post=1750"}],"version-history":[{"count":4,"href":"https:\/\/rudelstellungen-klargestellt.de\/index.php?rest_route=\/wp\/v2\/pages\/1750\/revisions"}],"predecessor-version":[{"id":1755,"href":"https:\/\/rudelstellungen-klargestellt.de\/index.php?rest_route=\/wp\/v2\/pages\/1750\/revisions\/1755"}],"wp:attachment":[{"href":"https:\/\/rudelstellungen-klargestellt.de\/index.php?rest_route=%2Fwp%2Fv2%2Fmedia&parent=1750"}],"curies":[{"name":"wp","href":"https:\/\/api.w.org\/{rel}","templated":true}]}}