{"id":146,"date":"2014-08-04T13:26:37","date_gmt":"2014-08-04T11:26:37","guid":{"rendered":"http:\/\/rudelstellungen.info\/?page_id=146"},"modified":"2018-05-17T12:14:02","modified_gmt":"2018-05-17T11:14:02","slug":"impressum","status":"publish","type":"page","link":"https:\/\/rudelstellungen-klargestellt.de\/?page_id=146","title":{"rendered":"Impressum"},"content":{"rendered":"<h2>Angaben gem\u00e4\u00df TMG und BDSG:<\/h2>\n<p>Johann Christian Lotter<br \/>\nBirkenstr. 25<br \/>\n63549 Ronneburg<br \/>\ninfo@rudelstellungen-klargestellt.de<\/p>\n<h2><strong>Haftungsausschluss (Disclaimer)<\/strong><\/h2>\n<p><strong>Haftung f\u00fcr Inhalte<\/strong><\/p>\n<p style=\"text-align: justify;\">Als Diensteanbieter bin ich gem\u00e4\u00df \u00a7 7 Abs.1 TMG f\u00fcr eigene Inhalte auf diesen Seiten nach den allgemeinen Gesetzen verantwortlich. Nach \u00a7\u00a7 8 bis 10 TMG bin ich als Diensteanbieter jedoch nicht verpflichtet, \u00fcbermittelte oder gespeicherte fremde Informationen zu \u00fcberwachen oder nach Umst\u00e4nden zu forschen, die auf eine rechtswidrige T\u00e4tigkeit hinweisen. Verpflichtungen zur Entfernung oder Sperrung der Nutzung von Informationen nach den allgemeinen Gesetzen bleiben hiervon unber\u00fchrt. Eine diesbez\u00fcgliche Haftung ist jedoch erst ab dem Zeitpunkt der Kenntnis einer konkreten Rechtsverletzung m\u00f6glich. Bei Bekanntwerden von entsprechenden Rechtsverletzungen werde ich diese Inhalte umgehend entfernen.<\/p>\n<p><strong>Haftung f\u00fcr Links<\/strong><\/p>\n<p style=\"text-align: justify;\">Die Website\u00a0enth\u00e4lt Links zu externen Webseiten Dritter, auf deren Inhalte ich keine Einfluss habe. Deshalb kann ich f\u00fcr diese fremden Inhalte auch keine Gew\u00e4hr \u00fcbernehmen. F\u00fcr die Inhalte der verlinkten Seiten ist stets der jeweilige Anbieter oder Betreiber der Seiten verantwortlich. Die verlinkten Seiten wurden zum Zeitpunkt der Verlinkung auf m\u00f6gliche Rechtsverst\u00f6\u00dfe \u00fcberpr\u00fcft. Rechtswidrige Inhalte waren zum Zeitpunkt der Verlinkung nicht erkennbar. Eine permanente inhaltliche Kontrolle der verlinkten Seiten ist jedoch ohne konkrete Anhaltspunkte einer Rechtsverletzung nicht zumutbar. Bei Bekanntwerden von Rechtsverletzungen werde ich derartige Links umgehend entfernen.<\/p>\n<p><strong>Urheberrecht<\/strong><\/p>\n<p style=\"text-align: justify;\">Die durch die Seitenbetreiber erstellten Inhalte und Werke auf diesen Seiten unterliegen dem deutschen Urheberrecht. Die Vervielf\u00e4ltigung, Bearbeitung, Verbreitung und jede Art der Verwertung au\u00dferhalb der Grenzen des Urheberrechtes bed\u00fcrfen der schriftlichen Zustimmung des jeweiligen Autors bzw. Erstellers. Downloads und Kopien dieser Seite sind nur f\u00fcr den privaten, nicht kommerziellen Gebrauch gestattet. Soweit die Inhalte auf dieser Seite nicht vom Betreiber erstellt wurden, werden die Urheberrechte Dritter beachtet. Insbesondere werden Inhalte Dritter als solche gekennzeichnet. Sollten Sie trotzdem auf eine Urheberrechtsverletzung aufmerksam werden, bitte ich um einen entsprechenden Hinweis. Bei Bekanntwerden von Rechtsverletzungen werde ich derartige Inhalte umgehend entfernen.<\/p>\n<p><strong>Datenschutzerkl\u00e4rung<\/strong><\/p>\n<p style=\"text-align: justify;\">Die Nutzung der Website ist ohne Angabe pers\u00f6nlicher Daten bzw. unter Angabe anonymisierter Daten oder eines Pseudonyms gestattet. Ihre personenbezogenen Daten (z.B. E-Mail) werden nur gem\u00e4\u00df den Bestimmungen des Bundesdatenschutzgesetzes (BDSG) verarbeitet. Daten sind dann personenbezogen, wenn sie eindeutig einer bestimmten nat\u00fcrlichen Person zugeordnet werden k\u00f6nnen. Sie k\u00f6nnen sich aufgrund des Bundesdatenschutzgesetzes bei Fragen zur Erhebung, Verarbeitung oder Nutzung Ihrer personenbezogenen Daten und deren Berichtigung, Sperrung, L\u00f6schung oder einem Widerruf einer erteilten Einwilligung unentgeltlich an mich wenden. Ihnen steht ein Recht auf Berichtigung falscher Daten oder L\u00f6schung personenbezogener Daten zu, sollte diesem Anspruch keine gesetzliche Aufbewahrungspflicht entgegenstehen.<br \/>\nSie k\u00f6nnen sich registrieren, um Kommentare zu posten. Die im Zuge dieser Registrierung eingegebenen Daten, die aus der Eingabemaske ersichtlich sind, werden ausschlie\u00dflich f\u00fcr die Verwendung des Angebots erhoben und gespeichert. Mit Ihrer Registrierung werden zudem Ihre IP-Adresse und das Datum sowie die Uhrzeit Ihrer Registrierung gespeichert. Dies dient in dem Fall, dass ein Dritter Ihre Daten missbraucht und sich mit diesen Daten ohne Ihr Wissen auf unserer Seite registriert, als Absicherung unsererseits. Eine Weitergabe an Dritte erfolgt nicht. Ein Abgleich der so erhobenen Daten mit Daten, die m\u00f6glicherweise durch andere Komponenten unserer Seite erhoben werden, erfolgt ebenfalls nicht. Eine ggf. abonnierte Newsletter k\u00f6nnen Sie jederzeit k\u00fcndigen.<br \/>\nAuf der Website werden Komponenten bekannter Social Networks eingesetzt, z.B. Share- oder Like-Buttons. Bei Verwendung einer solchen Komponente kann das Social Network dar\u00fcber in Kenntnis gesetzt werden, welche konkrete Seite des Angebots gerade durch Sie besucht wird. Wenn Sie w\u00e4hrenddessen bei dem Social Network eingeloggt sind, kann es diese Informationen Ihrem pers\u00f6nlichen Account zuordnen. Die Datenschutzhinweise des betreffenden Social Network geben hierzu n\u00e4here Informationen, insbesondere zur Erhebung und Nutzung der Daten, zu Ihren diesbez\u00fcglichen Rechten sowie zu den Einstellungsm\u00f6glichkeiten zum Schutz Ihrer Privatsph\u00e4re.<br \/>\nAuf der Website werden Daten zur Webanalyse gesammelt und gespeichert, darunter die IP-Adresse, die vorher besuchte Website, sowie technische Informationen zu Browser und Betriebssystem. Diese Daten werden ausschlie\u00dflich zur Webanalyse verwendet und nicht an Dritte weitergegeben. Ein Abgleich der so erhobenen Daten mit Daten, die durch andere Komponenten der Website erhoben werden, erfolgt nicht.<\/p>\n<p><strong>Zur\u00fcckweisung jeglicher Abmahnkosten<\/strong><\/p>\n<p style=\"text-align: justify;\">Sollte der Inhalt oder die Aufmachung dieser Seiten fremde Rechte Dritter oder gesetzliche Bestimmungen verletzen, so k\u00f6nnen Sie dies jederzeit kostenfrei an die oben angegebene Adresse mitteilen. Ich garantiere, dass zu Recht beanstandete Inhalte unverz\u00fcglich entfernt werden, ohne dass von Ihrer Seite die Einschaltung eines Rechtsbeistandes erforderlich ist. Dennoch von Ihnen ohne vorherige Nachricht oder Kontaktaufnahme ausgel\u00f6ste Kosten werden vollumf\u00e4nglich zur\u00fcckgewiesen und gegebenenfalls Gegenklage eingereicht.<\/p>\n","protected":false},"excerpt":{"rendered":"<p>Angaben gem\u00e4\u00df TMG und BDSG: Johann Christian Lotter Birkenstr. 25 63549 Ronneburg info@rudelstellungen-klargestellt.de Haftungsausschluss (Disclaimer) Haftung f\u00fcr Inhalte Als Diensteanbieter bin ich gem\u00e4\u00df \u00a7 7 Abs.1 TMG f\u00fcr eigene Inhalte auf diesen Seiten nach den allgemeinen Gesetzen verantwortlich. Nach \u00a7\u00a7 8 bis 10 TMG bin ich als Diensteanbieter jedoch nicht verpflichtet, \u00fcbermittelte oder gespeicherte fremde [&hellip;]<\/p>\n","protected":false},"author":1,"featured_media":0,"parent":0,"menu_order":0,"comment_status":"closed","ping_status":"closed","template":"","meta":{"_bbp_topic_count":0,"_bbp_reply_count":0,"_bbp_total_topic_count":0,"_bbp_total_reply_count":0,"_bbp_voice_count":0,"_bbp_anonymous_reply_count":0,"_bbp_topic_count_hidden":0,"_bbp_reply_count_hidden":0,"_bbp_forum_subforum_count":0,"footnotes":""},"class_list":["post-146","page","type-page","status-publish","hentry"],"_links":{"self":[{"href":"https:\/\/rudelstellungen-klargestellt.de\/index.php?rest_route=\/wp\/v2\/pages\/146"}],"collection":[{"href":"https:\/\/rudelstellungen-klargestellt.de\/index.php?rest_route=\/wp\/v2\/pages"}],"about":[{"href":"https:\/\/rudelstellungen-klargestellt.de\/index.php?rest_route=\/wp\/v2\/types\/page"}],"author":[{"embeddable":true,"href":"https:\/\/rudelstellungen-klargestellt.de\/index.php?rest_route=\/wp\/v2\/users\/1"}],"replies":[{"embeddable":true,"href":"https:\/\/rudelstellungen-klargestellt.de\/index.php?rest_route=%2Fwp%2Fv2%2Fcomments&post=146"}],"version-history":[{"count":7,"href":"https:\/\/rudelstellungen-klargestellt.de\/index.php?rest_route=\/wp\/v2\/pages\/146\/revisions"}],"predecessor-version":[{"id":72371,"href":"https:\/\/rudelstellungen-klargestellt.de\/index.php?rest_route=\/wp\/v2\/pages\/146\/revisions\/72371"}],"wp:attachment":[{"href":"https:\/\/rudelstellungen-klargestellt.de\/index.php?rest_route=%2Fwp%2Fv2%2Fmedia&parent=146"}],"curies":[{"name":"wp","href":"https:\/\/api.w.org\/{rel}","templated":true}]}}