{"id":1175,"date":"2014-08-18T16:25:59","date_gmt":"2014-08-18T14:25:59","guid":{"rendered":"http:\/\/rudelstellungen-klargestellt.de\/?page_id=1175"},"modified":"2020-12-13T13:34:30","modified_gmt":"2020-12-13T12:34:30","slug":"linkliste","status":"publish","type":"page","link":"https:\/\/rudelstellungen-klargestellt.de\/?page_id=1175","title":{"rendered":"Linkliste"},"content":{"rendered":"<p>Hier unsere hoffentlich stets wachsende Liste von Links zum Weiterlesen:<\/p>\n<p><a href=\"http:\/\/rudelstellungen-klargestellt.de\/wp-content\/uploads\/2014\/08\/post-4521-0-17175400-1408342982.jpg\" target=\"_blank\" rel=\"noopener noreferrer\"><img loading=\"lazy\" decoding=\"async\" class=\"alignleft wp-image-1202 size-medium\" src=\"http:\/\/rudelstellungen-klargestellt.de\/wp-content\/uploads\/2014\/08\/post-4521-0-17175400-1408342982-300x200.jpg\" alt=\"post-4521-0-17175400-1408342982\" width=\"300\" height=\"200\" srcset=\"https:\/\/rudelstellungen-klargestellt.de\/wp-content\/uploads\/2014\/08\/post-4521-0-17175400-1408342982-300x200.jpg 300w, https:\/\/rudelstellungen-klargestellt.de\/wp-content\/uploads\/2014\/08\/post-4521-0-17175400-1408342982-624x416.jpg 624w, https:\/\/rudelstellungen-klargestellt.de\/wp-content\/uploads\/2014\/08\/post-4521-0-17175400-1408342982.jpg 800w\" sizes=\"(max-width: 300px) 100vw, 300px\" \/><\/a><strong>Wissenschaft:<\/strong><\/p>\n<p><a title=\"Hundefarm Eifel\" href=\"http:\/\/www.hundefarm-eifel.de\/\" target=\"_blank\" rel=\"noopener noreferrer\">Hundefarm Eifel (G\u00fcnther Bloch)<\/a><\/p>\n<p><a title=\"Sommerfeld-Stur\" href=\"http:\/\/sommerfeld-stur.at\/\" target=\"_blank\" rel=\"noopener noreferrer\">Prof. Dr. med. vet. Sommerfeld-Stur<\/a><\/p>\n<p><a href=\"http:\/\/www.uni-kiel.de\/zoologie\/gorb\/dfeddersen.html\" target=\"_blank\" rel=\"noopener noreferrer\">Dr. med .vet. Feddersen-Petersen<\/a><\/p>\n<p><a href=\"http:\/\/www.wolfscience.at\/de\/\" target=\"_blank\" rel=\"noopener noreferrer\">Wolf Science Center<\/a><\/p>\n<p><a href=\"http:\/\/rudelstellungen-klargestellt.de\/wp-content\/uploads\/2014\/08\/Hundebankreihe1.jpg\" target=\"_blank\" rel=\"noopener noreferrer\"><img loading=\"lazy\" decoding=\"async\" class=\"alignright wp-image-1395 size-medium\" src=\"http:\/\/rudelstellungen-klargestellt.de\/wp-content\/uploads\/2014\/08\/Hundebankreihe1-300x201.jpg\" alt=\"Hundebankreihe\" width=\"300\" height=\"201\" srcset=\"https:\/\/rudelstellungen-klargestellt.de\/wp-content\/uploads\/2014\/08\/Hundebankreihe1-300x201.jpg 300w, https:\/\/rudelstellungen-klargestellt.de\/wp-content\/uploads\/2014\/08\/Hundebankreihe1.jpg 500w\" sizes=\"(max-width: 300px) 100vw, 300px\" \/><\/a><strong>Statements von Organisationen:<\/strong><\/p>\n<p><a href=\"http:\/\/www.oebdh.at\/index.php\/stellungnahmen-des-oebdh\" target=\"_blank\" rel=\"noopener noreferrer\">\u00d6BdH \u00d6sterreichischer Berufsverband <\/a><\/p>\n<p><a href=\"http:\/\/www.tierschutzbund.de\/fileadmin\/user_upload\/Downloads\/Hintergrundinformationen\/Heimtiere\/Hundeschulen_Erziehungskonzepte.pdf\" target=\"_blank\" rel=\"noopener noreferrer\">Tierschutzbund<\/a><\/p>\n<p><a href=\"http:\/\/www.vdh.de\/news\/artikel\/rudelstellung\/\" target=\"_blank\" rel=\"noopener noreferrer\">VDH<\/a><\/p>\n<p><a href=\"http:\/\/gtvmt.de\/files\/pdfs\/gtvmt-rudelstellungskonzept.pdf\" target=\"_blank\" rel=\"noopener noreferrer\">GTVMT<\/a><\/p>\n<p><a href=\"http:\/\/rudelstellungen-klargestellt.de\/wp-content\/uploads\/2014\/08\/Nicht_Canelo_Kopf_02.jpg\" target=\"_blank\" rel=\"noopener noreferrer\"><img loading=\"lazy\" decoding=\"async\" class=\"alignleft wp-image-1176 size-medium\" src=\"http:\/\/rudelstellungen-klargestellt.de\/wp-content\/uploads\/2014\/08\/Nicht_Canelo_Kopf_02-288x300.jpg\" alt=\"Nicht_Canelo_Kopf_02\" width=\"288\" height=\"300\" srcset=\"https:\/\/rudelstellungen-klargestellt.de\/wp-content\/uploads\/2014\/08\/Nicht_Canelo_Kopf_02-288x300.jpg 288w, https:\/\/rudelstellungen-klargestellt.de\/wp-content\/uploads\/2014\/08\/Nicht_Canelo_Kopf_02.jpg 337w\" sizes=\"(max-width: 288px) 100vw, 288px\" \/><\/a><strong><span style=\"text-decoration: underline;\">Erfahrungsberichte:<\/span> <\/strong><\/p>\n<p><a title=\"serendipity-le.blogspot.de\" href=\"http:\/\/serendipity-le.blogspot.de\/2014\/06\/maja-nowak-und-die-vererbte.html\" target=\"_blank\" rel=\"noopener noreferrer\">Katja Krause: Fatal f\u00fcr Hund und Mensch<\/a><\/p>\n<p><a title=\"an-der-leine.de\" href=\"http:\/\/www.an-der-leine.de\/2014\/03\/gastbeitrag-geburtsstellung\/\" target=\"_blank\" rel=\"noopener noreferrer\">Hannah Maxellon im Blog: An der Leine<\/a><\/p>\n<p><strong><span style=\"text-decoration: underline;\"><span style=\"text-decoration: underline;\"><strong>Hundetrainer und Hundeschulen:<img loading=\"lazy\" decoding=\"async\" class=\"alignright wp-image-1180 size-medium\" src=\"http:\/\/rudelstellungen-klargestellt.de\/wp-content\/uploads\/2014\/08\/3_Hunde_eva-300x284.jpg\" alt=\"3_Hunde_eva\" width=\"300\" height=\"284\" srcset=\"https:\/\/rudelstellungen-klargestellt.de\/wp-content\/uploads\/2014\/08\/3_Hunde_eva-300x284.jpg 300w, https:\/\/rudelstellungen-klargestellt.de\/wp-content\/uploads\/2014\/08\/3_Hunde_eva.jpg 400w\" sizes=\"(max-width: 300px) 100vw, 300px\" \/><\/strong><\/span><\/span><\/strong><\/p>\n<p><a href=\"http:\/\/www.hundepsychologie-ntr.de\/\" target=\"_blank\" rel=\"noopener noreferrer\">Hundetrainer und Autor Thomas Riepe<\/a><\/p>\n<p><a title=\"Canis Major\" href=\"http:\/\/www.canis-major.de\/seiten\/aktuell.html#Rudelstellung\" target=\"_blank\" rel=\"noopener noreferrer\">Christine Holst: Canis Major <\/a><\/p>\n<p><a href=\"http:\/\/www.hundeschule-dechert.de\/\" target=\"_blank\" rel=\"noopener noreferrer\">Hundeschule Astrid Dechert<\/a><\/p>\n<p><a href=\"http:\/\/www.hundeschule-fuchs.com\/information\" target=\"_blank\" rel=\"noopener noreferrer\">Hundeschule Fuchs<\/a><\/p>\n<p><a title=\"Bochum Bellt\" href=\"http:\/\/www.bochum-bellt.de\/sonstiges\/rudelstellungen\/\" target=\"_blank\" rel=\"noopener noreferrer\">Bochum Bellt<\/a><\/p>\n<p><a href=\"http:\/\/www.tatzen-treff.de\/\" target=\"_blank\" rel=\"noopener noreferrer\">Petra Krivy: &#8222;Tatzen-Treff&#8220;<\/a><\/p>\n<p><a href=\"http:\/\/www.hundefarm-eifel.de\/index.php\/angelika-lanzerath\" target=\"_blank\" rel=\"noopener noreferrer\">Angelika Lanzerath: Hundefarm-&#8222;Eifel&#8220;<\/a><\/p>\n<p><a href=\"http:\/\/rudelstellungen-klargestellt.de\/wp-content\/uploads\/2014\/08\/Club.jpg\" target=\"_blank\" rel=\"noopener noreferrer\"><img loading=\"lazy\" decoding=\"async\" class=\"alignleft wp-image-2360 size-medium\" src=\"http:\/\/rudelstellungen-klargestellt.de\/wp-content\/uploads\/2014\/08\/Club-300x264.jpg\" alt=\"Club\" width=\"300\" height=\"264\" srcset=\"https:\/\/rudelstellungen-klargestellt.de\/wp-content\/uploads\/2014\/08\/Club-300x264.jpg 300w, https:\/\/rudelstellungen-klargestellt.de\/wp-content\/uploads\/2014\/08\/Club.jpg 400w\" sizes=\"(max-width: 300px) 100vw, 300px\" \/><\/a><strong><span style=\"text-decoration: underline;\">Hundeclubs und -Vereine:<\/span><\/strong><\/p>\n<p><a href=\"http:\/\/www.akita.de\/club\/kritisches-zum-thema-rudelstellungen.shtml\" target=\"_blank\" rel=\"noopener noreferrer\">Akita Club e.V.<\/a><\/p>\n<p><a href=\"http:\/\/www.trailgemeinschaft.de\">Trailgemeinschaft Spurtreu e.V.<\/a><\/p>\n<p><strong><span style=\"text-decoration: underline;\"><a href=\"http:\/\/rudelstellungen-klargestellt.de\/wp-content\/uploads\/2014\/08\/Hundegesicht_04.jpg\" target=\"_blank\" rel=\"noopener noreferrer\"><img loading=\"lazy\" decoding=\"async\" class=\"alignright wp-image-1185 size-full\" src=\"http:\/\/rudelstellungen-klargestellt.de\/wp-content\/uploads\/2014\/08\/Hundegesicht_04.jpg\" alt=\"Hundegesicht_04\" width=\"300\" height=\"300\" srcset=\"https:\/\/rudelstellungen-klargestellt.de\/wp-content\/uploads\/2014\/08\/Hundegesicht_04.jpg 300w, https:\/\/rudelstellungen-klargestellt.de\/wp-content\/uploads\/2014\/08\/Hundegesicht_04-150x150.jpg 150w\" sizes=\"(max-width: 300px) 100vw, 300px\" \/><\/a><\/span><\/strong><\/p>\n<p><strong><span style=\"text-decoration: underline;\">Magazine und Zeitschriften:<\/span><\/strong><\/p>\n<p><a title=\"WOLF MAGAZIN v. Elli H. Radinger\" href=\"http:\/\/www.wolfmagazin.de\/\" target=\"_blank\" rel=\"noopener noreferrer\">WOLF MAGAZIN<\/a><br \/>\n<a title=\"WUFF Hundemagazin\" href=\"http:\/\/www.wuff.de\/cms\/\" target=\"_blank\" rel=\"noopener noreferrer\">WUFF Hundemagazin<\/a><br \/>\n<a title=\"SitzPlatzFuss &quot;vererbte Rudelstellungen&quot;\" href=\"http:\/\/www.sitzplatzfuss.com\/vererbte-rudelstellung-wozu-hundebesitzer-sich-durch-gurus-manipulieren-lassen\/\" target=\"_blank\" rel=\"noopener noreferrer\">SitzPlatzFuss<\/a><br \/>\n<a href=\"http:\/\/www.hundezeitung.de\/content\/8502-vererbte-rudelstellungen-wahrheit-oder-humbug\" target=\"_blank\" rel=\"noopener noreferrer\">Hundezeitung<\/a><br \/>\n<a title=\"DOGStoday\" href=\"http:\/\/www.dogstoday.de\/\" target=\"_blank\" rel=\"noopener noreferrer\">DOGStoday<\/a><br \/>\n<a href=\"http:\/\/www.wissen-hund.de\/vererbte-rudelstellung-eine-theorie\/\" target=\"_blank\" rel=\"noopener noreferrer\">Wissen-Hund.de<\/a><br \/>\n<a href=\"http:\/\/hundemagazin.ch\/\" target=\"_blank\" rel=\"noopener noreferrer\">Schweizer Hundemagazin<\/a><br \/>\n<a href=\"http:\/\/rudelstellungen-klargestellt.de\/HH_S.16-21.pdf\" target=\"_blank\" rel=\"noopener noreferrer\">City Dog Magazin<\/a><\/p>\n<p><span style=\"text-decoration: underline;\"><strong>Rudelstellungen im\u00a0Web<a href=\"http:\/\/rudelstellungen-klargestellt.de\/wp-content\/uploads\/2014\/08\/hunde-am-strand_02.jpg\" target=\"_blank\" rel=\"noopener noreferrer\"><img loading=\"lazy\" decoding=\"async\" class=\"alignleft wp-image-1186 size-medium\" src=\"http:\/\/rudelstellungen-klargestellt.de\/wp-content\/uploads\/2014\/08\/hunde-am-strand_02-300x222.jpg\" alt=\"hunde am strand_02\" width=\"300\" height=\"222\" srcset=\"https:\/\/rudelstellungen-klargestellt.de\/wp-content\/uploads\/2014\/08\/hunde-am-strand_02-300x222.jpg 300w, https:\/\/rudelstellungen-klargestellt.de\/wp-content\/uploads\/2014\/08\/hunde-am-strand_02.jpg 400w\" sizes=\"(max-width: 300px) 100vw, 300px\" \/><\/a><\/strong><\/span>:<\/p>\n<p><a title=\"Des Rudels Kern\" href=\"https:\/\/krautreporter.de\/165--des-rudels-kern\" target=\"_blank\" rel=\"noopener noreferrer\">Krautreporter: Des Rudels Kern<\/a><br \/>\n<a href=\"http:\/\/de.wikipedia.org\/wiki\/Vererbte_Rudelstellung\" target=\"_blank\" rel=\"noopener noreferrer\">Wikipedia &#8211; Vererbte Rudelstellung<\/a><a title=\"Des Rudels Kern\" href=\"https:\/\/krautreporter.de\/165--des-rudels-kern\" target=\"_blank\" rel=\"noopener noreferrer\"><br \/>\n<\/a><a title=\"Zwischenfazit und Kritik\" href=\"http:\/\/www.polar-chat.de\/hunde\/topic\/94211-rudelstellungen-ein-zwischenfazit-kritik\/\" target=\"_blank\" rel=\"noopener noreferrer\">Mark, Admin im Polar-Chat<br \/>\n<\/a><a title=\"bestehunde.de\/vererbte-rudelstellung\" href=\"http:\/\/www.bestehunde.de\/vererbte-rudelstellung.html\" target=\"_blank\" rel=\"noopener noreferrer\">Peter Dvorak in beste Hunde<br \/>\n<\/a><a title=\"Ganslo\u00dfer - \u00d6BdH\" href=\"http:\/\/www.oebdh.at\/images\/stories\/Diverses\/Stellungnahme_Rudelstellungstheorie.pdf\" target=\"_blank\" rel=\"noopener noreferrer\">Ganslo\u00dfer &#8211; Stellungnahme f\u00fcr den \u00d6BdH<br \/>\n<\/a><a href=\"http:\/\/klartexthund.blogspot.de\/2014\/02\/hilfe-in-unserer-rudelstellung-fehlt.html\" target=\"_blank\" rel=\"noopener noreferrer\">Klartext Hund &#8211; Blog v. Thomas Riepe<\/a><\/p>\n<p><strong><span style=\"text-decoration: underline;\"><a href=\"http:\/\/rudelstellungen-klargestellt.de\/wp-content\/uploads\/2014\/08\/Zungenhunde_01.jpg\" target=\"_blank\" rel=\"noopener noreferrer\"><img loading=\"lazy\" decoding=\"async\" class=\"alignright wp-image-1188 size-medium\" src=\"http:\/\/rudelstellungen-klargestellt.de\/wp-content\/uploads\/2014\/08\/Zungenhunde_01-300x300.jpg\" alt=\"Zungenhunde_01\" width=\"300\" height=\"300\" srcset=\"https:\/\/rudelstellungen-klargestellt.de\/wp-content\/uploads\/2014\/08\/Zungenhunde_01-300x300.jpg 300w, https:\/\/rudelstellungen-klargestellt.de\/wp-content\/uploads\/2014\/08\/Zungenhunde_01-150x150.jpg 150w, https:\/\/rudelstellungen-klargestellt.de\/wp-content\/uploads\/2014\/08\/Zungenhunde_01.jpg 500w\" sizes=\"(max-width: 300px) 100vw, 300px\" \/><\/a><\/span><\/strong><\/p>\n<p><strong><span style=\"text-decoration: underline;\">Satire:<\/span><\/strong><\/p>\n<p><a title=\"&quot;der mittlere Tuntenhund&quot;\" href=\"http:\/\/strodtbeck.de\/blog\/node535e5fbe00211.html\" target=\"_blank\" rel=\"noopener noreferrer\">Sophie Strotbeck: &#8222;Der mittlere Tuntenhund&#8220;<\/a><\/p>\n<p><a title=\"Willi Wollmatingen\" href=\"http:\/\/www.willisworldandfriends.com\/2014\/06\/hundeerziehung-in-3-minuten-und.html\" target=\"_blank\" rel=\"noopener noreferrer\">Willi Wollmatingen: &#8222;Rudelstellungen f\u00fcr Familien<\/a>&#8220;<\/p>\n<p><a title=\"Doggennetz.de\" href=\"http:\/\/www.doggennetz.de\/index.php?option=com_content&amp;view=article&amp;id=1806:aua1387-ebola-und-ertels-rudelstellung-antidot-gegen-letztgenanntes-verfuegbar&amp;catid=35:aua&amp;Itemid=53\" target=\"_blank\" rel=\"noopener noreferrer\">Doggennetz: &#8222;Ebola und Rudelstellungen&#8220;<\/a><\/p>\n<p><a title=\"Die 12 h\u00fcndischen Inkarnationen nach JUR\" href=\"http:\/\/www.polar-chat.de\/hunde\/topic\/94843-die-zw%C3%B6lf-h%C3%BCndischen-inkarnationen-nach-jur-satire\/?hl=%2Bh%C3%BCndischen+%2Binkarnationen\" target=\"_blank\" rel=\"noopener noreferrer\">Polar, Flix: &#8222;Die 12 h\u00fcndischen Inkarnationen&#8220;<\/a><\/p>\n<p><a href=\"http:\/\/wortzauberin.wordpress.com\/2014\/09\/20\/eine-begegnung-mit-rudlern\/\" target=\"_blank\" rel=\"noopener noreferrer\">Nicole Osmanovic: &#8222;Eine Begegnung mit Rudlern&#8220;<\/a><\/p>\n<div id=\"attachment_1809\" style=\"width: 310px\" class=\"wp-caption alignleft\"><a href=\"http:\/\/rudelstellungen-klargestellt.de\/wp-content\/uploads\/2014\/09\/Wolf_pinkelt.jpg\" target=\"_blank\" rel=\"noopener noreferrer\"><img loading=\"lazy\" decoding=\"async\" aria-describedby=\"caption-attachment-1809\" class=\"wp-image-1809 size-medium\" src=\"http:\/\/rudelstellungen-klargestellt.de\/wp-content\/uploads\/2014\/09\/Wolf_pinkelt-300x237.jpg\" alt=\"Wolf_pinkelt\" width=\"300\" height=\"237\" srcset=\"https:\/\/rudelstellungen-klargestellt.de\/wp-content\/uploads\/2014\/09\/Wolf_pinkelt-300x237.jpg 300w, https:\/\/rudelstellungen-klargestellt.de\/wp-content\/uploads\/2014\/09\/Wolf_pinkelt.jpg 400w\" sizes=\"(max-width: 300px) 100vw, 300px\" \/><\/a><p id=\"caption-attachment-1809\" class=\"wp-caption-text\">\u00a9 G\u00fcnther Bloch (Kosmos Verlag)<\/p><\/div>\n<p><strong><span style=\"text-decoration: underline;\">Klargestellt im Web:<\/span><\/strong><\/p>\n<p><a href=\"http:\/\/wolfmagazin.blogspot.de\/2014\/08\/vererbte-rudelstellung-was-ist-dran.html\" target=\"_blank\" rel=\"noopener noreferrer\">Wolf Magazin: Seite des Monats<\/a><\/p>\n<p><a href=\"http:\/\/www.sumpfhausen.de\/2014\/08\/18\/rudelstellungen-so-ein-humbug\/\" target=\"_blank\" rel=\"noopener noreferrer\">Sumpfhausen: So ein Humbug<\/a><\/p>\n<p><a href=\"http:\/\/pfotenblog.blogspot.de\/2014\/08\/es-reicht.html\" target=\"_blank\" rel=\"noopener noreferrer\">Pfotenblog: Es reicht!<\/a><\/p>\n<p style=\"text-align: center;\"><a title=\"Linkliste\" href=\"http:\/\/rudelstellungen-klargestellt.de\/?page_id=1175\">TOP<\/a><\/p>\n","protected":false},"excerpt":{"rendered":"<p>Hier unsere hoffentlich stets wachsende Liste von Links zum Weiterlesen: Wissenschaft: Hundefarm Eifel (G\u00fcnther Bloch) Prof. Dr. med. vet. Sommerfeld-Stur Dr. med .vet. Feddersen-Petersen Wolf Science Center Statements von Organisationen: \u00d6BdH \u00d6sterreichischer Berufsverband Tierschutzbund VDH GTVMT Erfahrungsberichte: Katja Krause: Fatal f\u00fcr Hund und Mensch Hannah Maxellon im Blog: An der Leine Hundetrainer und Hundeschulen: Hundetrainer [&hellip;]<\/p>\n","protected":false},"author":2,"featured_media":0,"parent":0,"menu_order":0,"comment_status":"closed","ping_status":"closed","template":"","meta":{"_bbp_topic_count":0,"_bbp_reply_count":0,"_bbp_total_topic_count":0,"_bbp_total_reply_count":0,"_bbp_voice_count":0,"_bbp_anonymous_reply_count":0,"_bbp_topic_count_hidden":0,"_bbp_reply_count_hidden":0,"_bbp_forum_subforum_count":0,"footnotes":""},"class_list":["post-1175","page","type-page","status-publish","hentry"],"_links":{"self":[{"href":"https:\/\/rudelstellungen-klargestellt.de\/index.php?rest_route=\/wp\/v2\/pages\/1175"}],"collection":[{"href":"https:\/\/rudelstellungen-klargestellt.de\/index.php?rest_route=\/wp\/v2\/pages"}],"about":[{"href":"https:\/\/rudelstellungen-klargestellt.de\/index.php?rest_route=\/wp\/v2\/types\/page"}],"author":[{"embeddable":true,"href":"https:\/\/rudelstellungen-klargestellt.de\/index.php?rest_route=\/wp\/v2\/users\/2"}],"replies":[{"embeddable":true,"href":"https:\/\/rudelstellungen-klargestellt.de\/index.php?rest_route=%2Fwp%2Fv2%2Fcomments&post=1175"}],"version-history":[{"count":55,"href":"https:\/\/rudelstellungen-klargestellt.de\/index.php?rest_route=\/wp\/v2\/pages\/1175\/revisions"}],"predecessor-version":[{"id":72481,"href":"https:\/\/rudelstellungen-klargestellt.de\/index.php?rest_route=\/wp\/v2\/pages\/1175\/revisions\/72481"}],"wp:attachment":[{"href":"https:\/\/rudelstellungen-klargestellt.de\/index.php?rest_route=%2Fwp%2Fv2%2Fmedia&parent=1175"}],"curies":[{"name":"wp","href":"https:\/\/api.w.org\/{rel}","templated":true}]}}